{"id":2688,"date":"2015-08-20T10:28:03","date_gmt":"2015-08-20T08:28:03","guid":{"rendered":"http:\/\/www.pickoff.ch\/fckreuzlingen\/?post_type=product&#038;p=2688"},"modified":"2024-07-09T06:10:17","modified_gmt":"2024-07-09T04:10:17","slug":"gpard-rucksack-forza-mit-bodenfach","status":"publish","type":"product","link":"https:\/\/www.pickoff.ch\/fckreuzlingen\/produkt\/gpard-rucksack-forza-mit-bodenfach\/","title":{"rendered":"gpard Rucksack FORZA mit Bodenfach G2250"},"content":{"rendered":"<p>gpard-Bags sind ein unverzichtbarer Begleiter bei Sport und Freizeit.<\/p>\n<p>600 D Polyester \/ 100% Polyester<\/p>\n","protected":false},"excerpt":{"rendered":"<p><strong>gpard-Rucksack mit Bodenfach, Gr\u00f6sse\u00a035x25x46<\/strong><br \/>\nGrosses Hauptfach mit umlaufendem 2-Wege-Reissverschluss. Zahlreiche separate F\u00e4cher mit Reissverschluss oder Klett. Gepolsterter, abgesteppter R\u00fccken. Gepolsterte Tragegurte. Ger\u00e4umiges Bodenfach.<\/p>\n<p>*Vereinslogo und Kennzeichnungs-Nr. sind optional.<\/p>\n","protected":false},"featured_media":3249,"comment_status":"open","ping_status":"closed","template":"","meta":[],"_links":{"self":[{"href":"https:\/\/www.pickoff.ch\/fckreuzlingen\/wp-json\/wp\/v2\/product\/2688"}],"collection":[{"href":"https:\/\/www.pickoff.ch\/fckreuzlingen\/wp-json\/wp\/v2\/product"}],"about":[{"href":"https:\/\/www.pickoff.ch\/fckreuzlingen\/wp-json\/wp\/v2\/types\/product"}],"replies":[{"embeddable":true,"href":"https:\/\/www.pickoff.ch\/fckreuzlingen\/wp-json\/wp\/v2\/comments?post=2688"}],"wp:featuredmedia":[{"embeddable":true,"href":"https:\/\/www.pickoff.ch\/fckreuzlingen\/wp-json\/wp\/v2\/media\/3249"}],"wp:attachment":[{"href":"https:\/\/www.pickoff.ch\/fckreuzlingen\/wp-json\/wp\/v2\/media?parent=2688"}],"curies":[{"name":"wp","href":"https:\/\/api.w.org\/{rel}","templated":true}]}}