{"id":2723,"date":"2015-08-20T11:22:13","date_gmt":"2015-08-20T09:22:13","guid":{"rendered":"http:\/\/www.pickoff.ch\/fckreuzlingen\/?post_type=product&#038;p=2723"},"modified":"2015-09-25T14:59:28","modified_gmt":"2015-09-25T12:59:28","slug":"gpard-freizeit-shorts-forza-damen","status":"publish","type":"product","link":"https:\/\/www.pickoff.ch\/fckreuzlingen\/produkt\/gpard-freizeit-shorts-forza-damen\/","title":{"rendered":"gpard Freizeit-Shorts FORZA G6250"},"content":{"rendered":"<p>Funktionell und sportiv pr\u00e4sentiert sich die gpard-Teamline FORZA. Durch modische Kontrastb\u00fcndchen, besticht sie in Optik und h\u00f6chstem Tragekomfort. Jacken und Hosen sind einzeln erh\u00e4ltlich.<\/p>\n<p>Micro-Polyester-Twill: 100% Polyester<\/p>\n","protected":false},"excerpt":{"rendered":"<p>Sport- und Freizeit-Shorts aus hochwertigem Funktionsmaterial.<br \/>\n&#8211; Seitentaschen<br \/>\n&#8211; Ges\u00e4sstasche mit Reissverschluss<br \/>\n&#8211; Modisch, sportiver Damenschnitt<\/p>\n<p>*Kennzeichnungs-Nr. ist optional.<\/p>\n","protected":false},"featured_media":2697,"comment_status":"open","ping_status":"closed","template":"","meta":[],"_links":{"self":[{"href":"https:\/\/www.pickoff.ch\/fckreuzlingen\/wp-json\/wp\/v2\/product\/2723"}],"collection":[{"href":"https:\/\/www.pickoff.ch\/fckreuzlingen\/wp-json\/wp\/v2\/product"}],"about":[{"href":"https:\/\/www.pickoff.ch\/fckreuzlingen\/wp-json\/wp\/v2\/types\/product"}],"replies":[{"embeddable":true,"href":"https:\/\/www.pickoff.ch\/fckreuzlingen\/wp-json\/wp\/v2\/comments?post=2723"}],"wp:featuredmedia":[{"embeddable":true,"href":"https:\/\/www.pickoff.ch\/fckreuzlingen\/wp-json\/wp\/v2\/media\/2697"}],"wp:attachment":[{"href":"https:\/\/www.pickoff.ch\/fckreuzlingen\/wp-json\/wp\/v2\/media?parent=2723"}],"curies":[{"name":"wp","href":"https:\/\/api.w.org\/{rel}","templated":true}]}}