{"id":2725,"date":"2015-08-20T11:39:46","date_gmt":"2015-08-20T09:39:46","guid":{"rendered":"http:\/\/www.pickoff.ch\/fckreuzlingen\/?post_type=product&#038;p=2725"},"modified":"2024-03-11T23:05:09","modified_gmt":"2024-03-11T22:05:09","slug":"gpard-polo-shirt-forza-damen","status":"publish","type":"product","link":"https:\/\/www.pickoff.ch\/fckreuzlingen\/produkt\/gpard-polo-shirt-forza-damen\/","title":{"rendered":"gpard Polo-Shirt FORZA G6350"},"content":{"rendered":"<p>Funktionell und sportiv pr\u00e4sentiert sich die gpard-Teamline FORZA.\u00a0Durch modische Kontrastb\u00fcndchen, besticht sie in Optik und h\u00f6chstem Tragekomfort.\u00a0Jacken und Hosen sind einzeln erh\u00e4ltlich.<\/p>\n<p>Active-Performance-Jacquard: 100% Polyester<\/p>\n","protected":false},"excerpt":{"rendered":"<p>Trageangenehmes und hochwertiges Funktionsmaterial f\u00fcr ein perfektes Wohlf\u00fchl-Klima. Spezielle Ausr\u00fcstung f\u00fcr direkten Feuchtigkeitstransport nach aussen. Formstabil und schnelltrocknend.<\/p>\n<p>*Vereinslogo und Kennzeichnungs-Nr. sind optional.<\/p>\n","protected":false},"featured_media":3204,"comment_status":"open","ping_status":"closed","template":"","meta":[],"_links":{"self":[{"href":"https:\/\/www.pickoff.ch\/fckreuzlingen\/wp-json\/wp\/v2\/product\/2725"}],"collection":[{"href":"https:\/\/www.pickoff.ch\/fckreuzlingen\/wp-json\/wp\/v2\/product"}],"about":[{"href":"https:\/\/www.pickoff.ch\/fckreuzlingen\/wp-json\/wp\/v2\/types\/product"}],"replies":[{"embeddable":true,"href":"https:\/\/www.pickoff.ch\/fckreuzlingen\/wp-json\/wp\/v2\/comments?post=2725"}],"wp:featuredmedia":[{"embeddable":true,"href":"https:\/\/www.pickoff.ch\/fckreuzlingen\/wp-json\/wp\/v2\/media\/3204"}],"wp:attachment":[{"href":"https:\/\/www.pickoff.ch\/fckreuzlingen\/wp-json\/wp\/v2\/media?parent=2725"}],"curies":[{"name":"wp","href":"https:\/\/api.w.org\/{rel}","templated":true}]}}