{"id":2737,"date":"2015-08-20T15:39:57","date_gmt":"2015-08-20T13:39:57","guid":{"rendered":"http:\/\/www.pickoff.ch\/fckreuzlingen\/?post_type=product&#038;p=2737"},"modified":"2024-11-11T13:58:10","modified_gmt":"2024-11-11T12:58:10","slug":"gpard-kapuzen-jacke-forza-damen","status":"publish","type":"product","link":"https:\/\/www.pickoff.ch\/fckreuzlingen\/produkt\/gpard-kapuzen-jacke-forza-damen\/","title":{"rendered":"gpard Kapuzen-Jacke FORZA G9350"},"content":{"rendered":"<p>Funktionell und sportiv pr\u00e4sentiert sich die gpard-Teamline FORZA. Durch modische Kontrastb\u00fcndchen, besticht sie in Optik und h\u00f6chstem Tragekomfort.<\/p>\n<p>Bonded-Polyester-Jersey: 100% Polyester Innenfutter: 100% Polyester-Mesh<\/p>\n","protected":false},"excerpt":{"rendered":"<p>Sportive Kapuzenjacke mit modischen Kontrastb\u00fcndchen. Innenseite, weiches w\u00e4rmendes Microfleece. Robust und pflegeleicht.<\/p>\n<p>*Vereinslogo und Kennzeichnungs-Nr. sind optional.<\/p>\n","protected":false},"featured_media":3198,"comment_status":"open","ping_status":"closed","template":"","meta":[],"_links":{"self":[{"href":"https:\/\/www.pickoff.ch\/fckreuzlingen\/wp-json\/wp\/v2\/product\/2737"}],"collection":[{"href":"https:\/\/www.pickoff.ch\/fckreuzlingen\/wp-json\/wp\/v2\/product"}],"about":[{"href":"https:\/\/www.pickoff.ch\/fckreuzlingen\/wp-json\/wp\/v2\/types\/product"}],"replies":[{"embeddable":true,"href":"https:\/\/www.pickoff.ch\/fckreuzlingen\/wp-json\/wp\/v2\/comments?post=2737"}],"wp:featuredmedia":[{"embeddable":true,"href":"https:\/\/www.pickoff.ch\/fckreuzlingen\/wp-json\/wp\/v2\/media\/3198"}],"wp:attachment":[{"href":"https:\/\/www.pickoff.ch\/fckreuzlingen\/wp-json\/wp\/v2\/media?parent=2737"}],"curies":[{"name":"wp","href":"https:\/\/api.w.org\/{rel}","templated":true}]}}