{"id":2829,"date":"2015-08-24T13:52:28","date_gmt":"2015-08-24T11:52:28","guid":{"rendered":"http:\/\/www.pickoff.ch\/fckreuzlingen\/produkt\/gpard-t-shirt-forza-men\/"},"modified":"2015-09-25T14:48:14","modified_gmt":"2015-09-25T12:48:14","slug":"gpard-t-shirt-forza-herren","status":"publish","type":"product","link":"https:\/\/www.pickoff.ch\/fckreuzlingen\/produkt\/gpard-t-shirt-forza-herren\/","title":{"rendered":"gpard T-Shirt FORZA G6150"},"content":{"rendered":"<p>Funktionell und sportiv pr\u00e4sentiert sich die gpard- Teamline FORZA. Durch modische Kontrastb\u00fcndchen, besticht sie in Optik und h\u00f6chstem Tragekomfort. Jacken und Hosen sind einzeln erh\u00e4ltlich.<\/p>\n<p>Active-Performance-Jacquard: 100% Polyester<\/p>\n","protected":false},"excerpt":{"rendered":"<p>Trageangenehmes und hochwertiges Funktionsmaterial f\u00fcr ein perfektes Wohlf\u00fchl-Klima. Spezielle Ausr\u00fcstung f\u00fcr direkten Feuchtigkeitstransport nach aussen. Formstabil und schnelltrocknend.<\/p>\n<p>*Vereinslogo und Kennzeichnungs-Nr. sind optional.<\/p>\n","protected":false},"featured_media":3206,"comment_status":"open","ping_status":"closed","template":"","meta":[],"_links":{"self":[{"href":"https:\/\/www.pickoff.ch\/fckreuzlingen\/wp-json\/wp\/v2\/product\/2829"}],"collection":[{"href":"https:\/\/www.pickoff.ch\/fckreuzlingen\/wp-json\/wp\/v2\/product"}],"about":[{"href":"https:\/\/www.pickoff.ch\/fckreuzlingen\/wp-json\/wp\/v2\/types\/product"}],"replies":[{"embeddable":true,"href":"https:\/\/www.pickoff.ch\/fckreuzlingen\/wp-json\/wp\/v2\/comments?post=2829"}],"wp:featuredmedia":[{"embeddable":true,"href":"https:\/\/www.pickoff.ch\/fckreuzlingen\/wp-json\/wp\/v2\/media\/3206"}],"wp:attachment":[{"href":"https:\/\/www.pickoff.ch\/fckreuzlingen\/wp-json\/wp\/v2\/media?parent=2829"}],"curies":[{"name":"wp","href":"https:\/\/api.w.org\/{rel}","templated":true}]}}