{"id":2837,"date":"2015-08-24T14:35:49","date_gmt":"2015-08-24T12:35:49","guid":{"rendered":"http:\/\/www.pickoff.ch\/fckreuzlingen\/?post_type=product&#038;p=2837"},"modified":"2015-10-20T14:21:17","modified_gmt":"2015-10-20T12:21:17","slug":"gpard-trainings-hose","status":"publish","type":"product","link":"https:\/\/www.pickoff.ch\/fckreuzlingen\/produkt\/gpard-trainings-hose\/","title":{"rendered":"gpard Trainings-Hose G8511"},"content":{"rendered":"<p>Funktionell und sportiv pr\u00e4sentiert sich die gpard-Teamline FORZA. Durch modische Kontrastb\u00fcndchen, besticht sie in Optik und h\u00f6chstem Tragekomfort. Jacken und Hosen sind einzeln erh\u00e4ltlich.<\/p>\n<p>Polyester-Interlock: 100% Polyester<\/p>\n","protected":false},"excerpt":{"rendered":"<p><strong>gpard Trainings-Hose<\/strong><br \/>\nAtmungsaktives Funktionsmaterial f\u00fcr optimales K\u00f6rperklima und hohen Tragekomfort. Elastisch, strapazierf\u00e4hig, schnelltrocknend und pflegeleicht.<\/p>\n<p>&#8211; Seitentaschen mit Reissverschluss<br \/>\n&#8211; Dehnbarer Ripp-Einsatz im Wadenbereich.<\/p>\n<p>*Kennzeichnungs-Nr. ist optional.<\/p>\n","protected":false},"featured_media":3240,"comment_status":"open","ping_status":"closed","template":"","meta":[],"_links":{"self":[{"href":"https:\/\/www.pickoff.ch\/fckreuzlingen\/wp-json\/wp\/v2\/product\/2837"}],"collection":[{"href":"https:\/\/www.pickoff.ch\/fckreuzlingen\/wp-json\/wp\/v2\/product"}],"about":[{"href":"https:\/\/www.pickoff.ch\/fckreuzlingen\/wp-json\/wp\/v2\/types\/product"}],"replies":[{"embeddable":true,"href":"https:\/\/www.pickoff.ch\/fckreuzlingen\/wp-json\/wp\/v2\/comments?post=2837"}],"wp:featuredmedia":[{"embeddable":true,"href":"https:\/\/www.pickoff.ch\/fckreuzlingen\/wp-json\/wp\/v2\/media\/3240"}],"wp:attachment":[{"href":"https:\/\/www.pickoff.ch\/fckreuzlingen\/wp-json\/wp\/v2\/media?parent=2837"}],"curies":[{"name":"wp","href":"https:\/\/api.w.org\/{rel}","templated":true}]}}