{"id":2854,"date":"2015-08-24T15:25:08","date_gmt":"2015-08-24T13:25:08","guid":{"rendered":"http:\/\/www.pickoff.ch\/fckreuzlingen\/?post_type=product&#038;p=2854"},"modified":"2016-10-17T09:02:22","modified_gmt":"2016-10-17T07:02:22","slug":"gpard-stutzenstrumpf-forza","status":"publish","type":"product","link":"https:\/\/www.pickoff.ch\/fckreuzlingen\/produkt\/gpard-stutzenstrumpf-forza\/","title":{"rendered":"gpard Stutzenstrumpf FORZA G3823"},"content":{"rendered":"<p>gpard-Stutzenstr\u00fcmpfe sind beste deutsche Qualit\u00e4tsprodukte und erf\u00fcllen h\u00f6chste Anspr\u00fcche.<\/p>\n<p>65% Polyester, 30 % Baumwolle, 5% Elasthan<\/p>\n","protected":false},"excerpt":{"rendered":"<p>Sehr strapazierf\u00e4hig. Angenehmer und hautfreundlicher Tragekomfort.<\/p>\n","protected":false},"featured_media":3281,"comment_status":"open","ping_status":"closed","template":"","meta":[],"_links":{"self":[{"href":"https:\/\/www.pickoff.ch\/fckreuzlingen\/wp-json\/wp\/v2\/product\/2854"}],"collection":[{"href":"https:\/\/www.pickoff.ch\/fckreuzlingen\/wp-json\/wp\/v2\/product"}],"about":[{"href":"https:\/\/www.pickoff.ch\/fckreuzlingen\/wp-json\/wp\/v2\/types\/product"}],"replies":[{"embeddable":true,"href":"https:\/\/www.pickoff.ch\/fckreuzlingen\/wp-json\/wp\/v2\/comments?post=2854"}],"wp:featuredmedia":[{"embeddable":true,"href":"https:\/\/www.pickoff.ch\/fckreuzlingen\/wp-json\/wp\/v2\/media\/3281"}],"wp:attachment":[{"href":"https:\/\/www.pickoff.ch\/fckreuzlingen\/wp-json\/wp\/v2\/media?parent=2854"}],"curies":[{"name":"wp","href":"https:\/\/api.w.org\/{rel}","templated":true}]}}