{"id":2856,"date":"2015-08-24T15:39:17","date_gmt":"2015-08-24T13:39:17","guid":{"rendered":"http:\/\/www.pickoff.ch\/fckreuzlingen\/produkt\/stutzen\/"},"modified":"2025-03-08T11:52:39","modified_gmt":"2025-03-08T10:52:39","slug":"gpard-stutzen-forza","status":"publish","type":"product","link":"https:\/\/www.pickoff.ch\/fckreuzlingen\/produkt\/gpard-stutzen-forza\/","title":{"rendered":"gpard Stutzen FORZA G3523"},"content":{"rendered":"<p>gpard-Stutzen sind beste deutsche Qualit\u00e4tsprodukte und erf\u00fcllen h\u00f6chste Anspr\u00fcche.<\/p>\n<p>95% Polyester, 5% Elasthan<\/p>\n","protected":false},"excerpt":{"rendered":"<p>Sehr strapazierf\u00e4hig. Angenehmer und hautfreundlicher Tragekomfort.<\/p>\n","protected":false},"featured_media":3290,"comment_status":"open","ping_status":"closed","template":"","meta":[],"_links":{"self":[{"href":"https:\/\/www.pickoff.ch\/fckreuzlingen\/wp-json\/wp\/v2\/product\/2856"}],"collection":[{"href":"https:\/\/www.pickoff.ch\/fckreuzlingen\/wp-json\/wp\/v2\/product"}],"about":[{"href":"https:\/\/www.pickoff.ch\/fckreuzlingen\/wp-json\/wp\/v2\/types\/product"}],"replies":[{"embeddable":true,"href":"https:\/\/www.pickoff.ch\/fckreuzlingen\/wp-json\/wp\/v2\/comments?post=2856"}],"wp:featuredmedia":[{"embeddable":true,"href":"https:\/\/www.pickoff.ch\/fckreuzlingen\/wp-json\/wp\/v2\/media\/3290"}],"wp:attachment":[{"href":"https:\/\/www.pickoff.ch\/fckreuzlingen\/wp-json\/wp\/v2\/media?parent=2856"}],"curies":[{"name":"wp","href":"https:\/\/api.w.org\/{rel}","templated":true}]}}