{"id":2858,"date":"2015-08-24T16:47:41","date_gmt":"2015-08-24T14:47:41","guid":{"rendered":"http:\/\/www.pickoff.ch\/fckreuzlingen\/produkt\/gpard-praesentations-jacke-forza-kids\/"},"modified":"2024-03-23T17:08:04","modified_gmt":"2024-03-23T16:08:04","slug":"gpard-praesentations-jacke-forza-kinder","status":"publish","type":"product","link":"https:\/\/www.pickoff.ch\/fckreuzlingen\/produkt\/gpard-praesentations-jacke-forza-kinder\/","title":{"rendered":"gpard Pr\u00e4sentations-Jacke FORZA G9850"},"content":{"rendered":"<p>Funktionell und sportiv pr\u00e4sentiert sich die gpard-Teamline FORZA. Durch modische Kontrastb\u00fcndchen, besticht sie in Optik und h\u00f6chstem Tragekomfort.\u00a0Jacken und Hosen sind einzeln erh\u00e4ltlich.<\/p>\n<p>Polyester-Dobby: 100% Polyester<br \/>\nInnenfutter: 100 % Polyester-Mesh<\/p>\n","protected":false},"excerpt":{"rendered":"<p>Hochwertiges Funktionsmaterial mit baumwollartiger Oberfl\u00e4che.\u00a0Hervorragende Klimaeigenschaften.\u00a0Robust und pflegeleicht.\u00a0Seitentaschen mit Reissverschluss.\u00a0Jackenbund mit Kordelzug und Stopper.<\/p>\n<p>*Vereinslogo und Kennzeichnungs-Nr. sind optional.<\/p>\n","protected":false},"featured_media":3202,"comment_status":"open","ping_status":"closed","template":"","meta":[],"_links":{"self":[{"href":"https:\/\/www.pickoff.ch\/fckreuzlingen\/wp-json\/wp\/v2\/product\/2858"}],"collection":[{"href":"https:\/\/www.pickoff.ch\/fckreuzlingen\/wp-json\/wp\/v2\/product"}],"about":[{"href":"https:\/\/www.pickoff.ch\/fckreuzlingen\/wp-json\/wp\/v2\/types\/product"}],"replies":[{"embeddable":true,"href":"https:\/\/www.pickoff.ch\/fckreuzlingen\/wp-json\/wp\/v2\/comments?post=2858"}],"wp:featuredmedia":[{"embeddable":true,"href":"https:\/\/www.pickoff.ch\/fckreuzlingen\/wp-json\/wp\/v2\/media\/3202"}],"wp:attachment":[{"href":"https:\/\/www.pickoff.ch\/fckreuzlingen\/wp-json\/wp\/v2\/media?parent=2858"}],"curies":[{"name":"wp","href":"https:\/\/api.w.org\/{rel}","templated":true}]}}