{"id":2860,"date":"2015-08-24T16:52:13","date_gmt":"2015-08-24T14:52:13","guid":{"rendered":"http:\/\/www.pickoff.ch\/fckreuzlingen\/produkt\/gpard-kapuzen-jacke-forza-kinder\/"},"modified":"2015-12-01T15:01:24","modified_gmt":"2015-12-01T14:01:24","slug":"gpard-kapuzen-jacke-forza-kinder","status":"publish","type":"product","link":"https:\/\/www.pickoff.ch\/fckreuzlingen\/produkt\/gpard-kapuzen-jacke-forza-kinder\/","title":{"rendered":"gpard Kapuzen-Jacke FORZA G9350"},"content":{"rendered":"<p>Funktionell und sportiv pr\u00e4sentiert sich die gpard-Teamline FORZA. Durch modische Kontrastb\u00fcndchen, besticht sie in Optik und h\u00f6chstem Tragekomfort. Jacken und Hosen sind einzeln erh\u00e4ltlich.<\/p>\n<p>Bonded-Polyester-Jersey: 100% Polyester<br \/>\nInnenfutter: 100% Polyester-Mesh<\/p>\n","protected":false},"excerpt":{"rendered":"<p>Sportive Kapuzenjacke mit modischen Kontrastb\u00fcndchen. Innenseite, weiches w\u00e4rmendes Microfleece. Robust und Pflegeleicht.<\/p>\n<p>*Vereinslogo und Kennzeichnungs-Nr. sind optional.<\/p>\n","protected":false},"featured_media":3197,"comment_status":"open","ping_status":"closed","template":"","meta":[],"_links":{"self":[{"href":"https:\/\/www.pickoff.ch\/fckreuzlingen\/wp-json\/wp\/v2\/product\/2860"}],"collection":[{"href":"https:\/\/www.pickoff.ch\/fckreuzlingen\/wp-json\/wp\/v2\/product"}],"about":[{"href":"https:\/\/www.pickoff.ch\/fckreuzlingen\/wp-json\/wp\/v2\/types\/product"}],"replies":[{"embeddable":true,"href":"https:\/\/www.pickoff.ch\/fckreuzlingen\/wp-json\/wp\/v2\/comments?post=2860"}],"wp:featuredmedia":[{"embeddable":true,"href":"https:\/\/www.pickoff.ch\/fckreuzlingen\/wp-json\/wp\/v2\/media\/3197"}],"wp:attachment":[{"href":"https:\/\/www.pickoff.ch\/fckreuzlingen\/wp-json\/wp\/v2\/media?parent=2860"}],"curies":[{"name":"wp","href":"https:\/\/api.w.org\/{rel}","templated":true}]}}