{"id":2872,"date":"2015-08-24T17:46:00","date_gmt":"2015-08-24T15:46:00","guid":{"rendered":"http:\/\/www.pickoff.ch\/fckreuzlingen\/produkt\/gpard-t-shirt-forza-kinder\/"},"modified":"2015-09-25T14:45:09","modified_gmt":"2015-09-25T12:45:09","slug":"gpard-t-shirt-forza-kinder","status":"publish","type":"product","link":"https:\/\/www.pickoff.ch\/fckreuzlingen\/produkt\/gpard-t-shirt-forza-kinder\/","title":{"rendered":"gpard T-Shirt FORZA G6150"},"content":{"rendered":"<p>Funktionell und sportiv pr\u00e4sentiert sich die gpard-Teamline FORZA. Durch modische Kontrastb\u00fcndchen, besticht sie in Optik und h\u00f6chstem Tragekomfort. Jacken und Hosen sind einzeln erh\u00e4ltlich.<\/p>\n<p>Active-Performance-Jacquard: 100% Polyester<\/p>\n","protected":false},"excerpt":{"rendered":"<p>Trageangenehmes und hochwertiges Funktionsmaterial f\u00fcr ein perfektes Wohlf\u00fchl-Klima. Spezielle Ausr\u00fcstung f\u00fcr direkten Feuchtigkeitstransport nach aussen. Formstabil und schnelltrocknend.<\/p>\n<p>*Vereinslogo und Kennzeichnungs-Nr. sind optional.<\/p>\n","protected":false},"featured_media":3206,"comment_status":"open","ping_status":"closed","template":"","meta":[],"_links":{"self":[{"href":"https:\/\/www.pickoff.ch\/fckreuzlingen\/wp-json\/wp\/v2\/product\/2872"}],"collection":[{"href":"https:\/\/www.pickoff.ch\/fckreuzlingen\/wp-json\/wp\/v2\/product"}],"about":[{"href":"https:\/\/www.pickoff.ch\/fckreuzlingen\/wp-json\/wp\/v2\/types\/product"}],"replies":[{"embeddable":true,"href":"https:\/\/www.pickoff.ch\/fckreuzlingen\/wp-json\/wp\/v2\/comments?post=2872"}],"wp:featuredmedia":[{"embeddable":true,"href":"https:\/\/www.pickoff.ch\/fckreuzlingen\/wp-json\/wp\/v2\/media\/3206"}],"wp:attachment":[{"href":"https:\/\/www.pickoff.ch\/fckreuzlingen\/wp-json\/wp\/v2\/media?parent=2872"}],"curies":[{"name":"wp","href":"https:\/\/api.w.org\/{rel}","templated":true}]}}