{"id":2876,"date":"2015-08-24T17:57:29","date_gmt":"2015-08-24T15:57:29","guid":{"rendered":"http:\/\/www.pickoff.ch\/fckreuzlingen\/produkt\/gpard-polyester-jacke-kinder\/"},"modified":"2015-09-25T15:04:41","modified_gmt":"2015-09-25T13:04:41","slug":"gpard-polyester-jacke-forza-kinder","status":"publish","type":"product","link":"https:\/\/www.pickoff.ch\/fckreuzlingen\/produkt\/gpard-polyester-jacke-forza-kinder\/","title":{"rendered":"gpard Polyester-Jacke FORZA G9450"},"content":{"rendered":"<p>Funktionell und sportiv pr\u00e4sentiert sich die gpard-Teamline FORZA. Durch modische Kontrastb\u00fcndchen, besticht sie in Optik und h\u00f6chstem Tragekomfort. Jacken und Hosen sind einzeln erh\u00e4ltlich.<\/p>\n<p>Shiny-Polyester-Interlock: 100% Polyester<\/p>\n","protected":false},"excerpt":{"rendered":"<p>Farbbrilliantes Funktionsmaterial, elastisch und strapazierf\u00e4hig. Schnelltrocknend und pflegeleicht. Seitentaschen mit Reissverschluss.<\/p>\n<p>*Vereinslogo und Kennzeichnungs-Nr. sind optional.<\/p>\n","protected":false},"featured_media":3208,"comment_status":"open","ping_status":"closed","template":"","meta":[],"_links":{"self":[{"href":"https:\/\/www.pickoff.ch\/fckreuzlingen\/wp-json\/wp\/v2\/product\/2876"}],"collection":[{"href":"https:\/\/www.pickoff.ch\/fckreuzlingen\/wp-json\/wp\/v2\/product"}],"about":[{"href":"https:\/\/www.pickoff.ch\/fckreuzlingen\/wp-json\/wp\/v2\/types\/product"}],"replies":[{"embeddable":true,"href":"https:\/\/www.pickoff.ch\/fckreuzlingen\/wp-json\/wp\/v2\/comments?post=2876"}],"wp:featuredmedia":[{"embeddable":true,"href":"https:\/\/www.pickoff.ch\/fckreuzlingen\/wp-json\/wp\/v2\/media\/3208"}],"wp:attachment":[{"href":"https:\/\/www.pickoff.ch\/fckreuzlingen\/wp-json\/wp\/v2\/media?parent=2876"}],"curies":[{"name":"wp","href":"https:\/\/api.w.org\/{rel}","templated":true}]}}