{"id":2880,"date":"2015-08-24T18:09:22","date_gmt":"2015-08-24T16:09:22","guid":{"rendered":"http:\/\/www.pickoff.ch\/fckreuzlingen\/produkt\/trainings-sweat-forza-kinder\/"},"modified":"2015-09-25T16:36:51","modified_gmt":"2015-09-25T14:36:51","slug":"gpard-trainings-sweat-forza-kinder","status":"publish","type":"product","link":"https:\/\/www.pickoff.ch\/fckreuzlingen\/produkt\/gpard-trainings-sweat-forza-kinder\/","title":{"rendered":"gpard Trainings-Sweat FORZA G6450"},"content":{"rendered":"<p>Funktionell und sportiv pr\u00e4sentiert sich die gpard-Teamline FORZA. Durch modische Kontrastb\u00fcndchen, besticht sie in Optik und h\u00f6chstem Tragekomfort. Jacken und Hosen sind einzeln erh\u00e4ltlich.<\/p>\n<p>Polyester-Piqu\u00e9: 100% Polyester<\/p>\n","protected":false},"excerpt":{"rendered":"<p>Funktionspolyester mit hohem Tragekomfort. Innenseite aufgeraut. Robust, pflegeleicht und schnelltrocknend.<\/p>\n<p>*Vereinslogo und Kennzeichnungs-Nr. sind optional.<\/p>\n","protected":false},"featured_media":3217,"comment_status":"open","ping_status":"closed","template":"","meta":[],"_links":{"self":[{"href":"https:\/\/www.pickoff.ch\/fckreuzlingen\/wp-json\/wp\/v2\/product\/2880"}],"collection":[{"href":"https:\/\/www.pickoff.ch\/fckreuzlingen\/wp-json\/wp\/v2\/product"}],"about":[{"href":"https:\/\/www.pickoff.ch\/fckreuzlingen\/wp-json\/wp\/v2\/types\/product"}],"replies":[{"embeddable":true,"href":"https:\/\/www.pickoff.ch\/fckreuzlingen\/wp-json\/wp\/v2\/comments?post=2880"}],"wp:featuredmedia":[{"embeddable":true,"href":"https:\/\/www.pickoff.ch\/fckreuzlingen\/wp-json\/wp\/v2\/media\/3217"}],"wp:attachment":[{"href":"https:\/\/www.pickoff.ch\/fckreuzlingen\/wp-json\/wp\/v2\/media?parent=2880"}],"curies":[{"name":"wp","href":"https:\/\/api.w.org\/{rel}","templated":true}]}}