{"id":991,"date":"2014-09-08T08:53:23","date_gmt":"2014-09-08T08:53:23","guid":{"rendered":"http:\/\/www.pickoff.ch\/fckreuzlingen\/\/?page_id=991"},"modified":"2018-01-04T14:38:28","modified_gmt":"2018-01-04T13:38:28","slug":"agb","status":"publish","type":"page","link":"https:\/\/www.pickoff.ch\/hc-neftenbach\/agb\/","title":{"rendered":"AGB"},"content":{"rendered":"<p>[vc_row][vc_column][vc_empty_space height=&#8220;50px&#8220;]<div id=\"ultimate-heading-909369dec241019f2\" class=\"uvc-heading ult-adjust-bottom-margin ultimate-heading-909369dec241019f2 uvc-9983 \" data-hspacer=\"no_spacer\"  data-halign=\"left\" style=\"text-align:left\"><div class=\"uvc-heading-spacer no_spacer\" style=\"top\"><\/div><div class=\"uvc-main-heading ult-responsive\"  data-ultimate-target='.uvc-heading.ultimate-heading-909369dec241019f2 h2'  data-responsive-json-new='{\"font-size\":\"desktop:22px;\",\"line-height\":\"\"}' ><h2 style=\"font-weight:normal;\">Allgemeine Gesch\u00e4ftsbedingungen<\/h2><\/div><div class=\"uvc-sub-heading ult-responsive\"  data-ultimate-target='.uvc-heading.ultimate-heading-909369dec241019f2 .uvc-sub-heading '  data-responsive-json-new='{\"font-size\":\"\",\"line-height\":\"\"}'  style=\"font-weight:normal;\"><br \/>\n<\/div><\/div>[vc_empty_space height=&#8220;40px&#8220;][vc_column_text css=&#8220;.vc_custom_1478861086797{margin-bottom: 20px !important;}&#8220;]<strong>G\u00fcltigkeit<br \/>\n<\/strong>Diese Allgemeinen Gesch\u00e4ftsbedingungen (AGB) gelten f\u00fcr alle Gesch\u00e4ftsbeziehungen zwischen der Firma swiss sportsystem AG und ihren Privatkunden. Sie k\u00f6nnen nur als Ganzes akzeptiert oder abgelehnt werden. F\u00fcr Gesch\u00e4ftskunden k\u00f6nnen\u00a0andere und\/oder zus\u00e4tzliche Bedingungen gem\u00e4ss individueller Offerte gelten. Wer etwas bei pickoff.ch kauft, akzeptiert\u00a0diese AGB\u00b4s ausdr\u00fccklich mit einem Klick auf den entsprechenden Button. Ohne diese Best\u00e4tigung ist eine Bestellung\u00a0technisch nicht m\u00f6glich.[\/vc_column_text][vc_column_text css=&#8220;.vc_custom_1515073058766{margin-bottom: 20px !important;}&#8220;]<strong>Angebot<\/strong><br \/>\nAlle Preise sind in Schweizer Franken (CHF) angegeben und enthalten die gesetzliche Mehrwertsteuer von 7,7% (MwSt-Nr.\u00a0113.177.430) zuz\u00fcglich Versandspesen. Die in pickoff.ch aufgef\u00fchrten Details und Preise sind ohne Gew\u00e4hr. Lieferbarkeit und\u00a0Irrtum vorbehalten.[\/vc_column_text][vc_column_text css=&#8220;.vc_custom_1440076520631{margin-bottom: 20px !important;}&#8220;]<strong>Bestellungen<\/strong><br \/>\nBestellungen k\u00f6nnen nur \u00fcber das automatische Online-Bestellsystem (Warenkorb) aufgegeben werden. Mit dem Abschicken\u00a0der Bestellung gehen Sie einen Kaufvertrag mit der Firma swiss sportsystem AG ein. Dieser ist nur im gegenseitigen Einverst\u00e4ndnis\u00a0widerrufbar. Einen Mindestbestellwert gibt es nicht.[\/vc_column_text][vc_column_text css=&#8220;.vc_custom_1478861191401{margin-bottom: 20px !important;}&#8220;]<strong>Lieferfristen<\/strong><br \/>\nLieferungen erfolgen prinzipiell erst nach Zahlungseingang. Je nach Zahlungseingang kann es zu \u00c4nderungen im\u00a0Lagerbestand kommen. Die angegebenen Lieferzeiten sind daher als Richtwerte zu verstehen. Schadensersatzanspr\u00fcche oder Vertragsaufl\u00f6sung aus Lieferverz\u00f6gerungen sind daher ausgeschlossen. Es werden keine\u00a0Terminbedingungen durch den Kunden akzeptiert. Das sp\u00e4tere Eintreffen der Ware berechtigt nicht zur Verweigerung der\u00a0Annahme.<\/p>\n<p>Unsere Lieferungen erfolgen ausschliesslich via versicherten Postversand. Transportsch\u00e4den oder Verlust sind sofort dem\u00a0Transporteur zu melden. Der K\u00e4ufer verpflichtet sich, nach Erhalt die Ware zu pr\u00fcfen. Allf\u00e4llige Lieferfehler, Besch\u00e4digungen\u00a0sind innert 3 Tagen nach Erhalt zu melden.\u00a0Aus fotografischen, reproduktionstechnischen Gr\u00fcnden oder Chargenlieferungen k\u00f6nnen Farbabweichungen auftreten. Dies\u00a0berechtigt nicht zum Umtausch.\u00a0swiss sportsystem AG darf, falls notwendig, Teillieferungen durchf\u00fchren.[\/vc_column_text][vc_column_text css=&#8220;.vc_custom_1514973489975{margin-bottom: 20px !important;}&#8220;]<strong>Umtausch<\/strong><br \/>\nUmtausch. Kein Problem. Senden Sie uns die Ware mit Angabe der gew\u00fcnschten Gr\u00f6sse innert 8 Tagen zur\u00fcck. Bei Warenerhalt\u00a0werden wir umgehend die neue Gr\u00f6sse ausliefern. Unser Recht auf Erf\u00fcllung des Kaufvertrages bleibt davon unber\u00fchrt. Artikel mit Fabrikationsfehler k\u00f6nnen innert 8 Tagen umgetauscht werden. Bitte geben Sie uns stets die Fehlerquelle an und senden Sie den defekten Artikel zusammen mit der Rechnungskopie oder Originalrechnung an swiss sportsystem AG zur\u00fcck.<\/p>\n<p>Portokosten bei R\u00fccksendungen: Bei R\u00fccksendungen wegen Nicht-Gefallen oder Umtausch werden die erneuten Portokosten vom Kunden getragen.<\/p>\n<p>Bedruckte Ware ist vom Umtausch ausgeschlossen.[\/vc_column_text][vc_column_text css=&#8220;.vc_custom_1480944062117{margin-bottom: 20px !important;}&#8220;]<strong>Bezahlung<\/strong><br \/>\nFolgende Zahlungsm\u00f6glichkeiten bieten wir an: Vorauszahlung, Sofort \u00dcberweisung, Visa, Visa Electron, PostFinance, PostFinance E-Finance, MasterCard und PayPal.[\/vc_column_text][vc_column_text css=&#8220;.vc_custom_1445342383501{margin-bottom: 20px !important;}&#8220;]<strong>Versandkosten<\/strong><br \/>\nAb einem Bestellwert von mind. 150.- liefern wir versandkostenfrei.[\/vc_column_text][vc_column_text css=&#8220;.vc_custom_1440076719790{margin-bottom: 20px !important;}&#8220;]<strong>Eigentumsvorbehalt<\/strong><br \/>\nDie Ware bleibt bis zur vollst\u00e4ndigen Bezahlung Eigentum von swiss sportsystem AG.[\/vc_column_text][vc_column_text css=&#8220;.vc_custom_1514993020575{margin-bottom: 20px !important;}&#8220;]<strong>Haftung<\/strong><br \/>\nJegliche Haftung durch pickoff.ch wird ausgeschlossen, insbesondere f\u00fcr Sch\u00e4den durch unsachgem\u00e4sse Handhabung.<br \/>\nGerichtsstand ist Winterthur. Es gilt das Schweizerische Recht.[\/vc_column_text][vc_column_text css=&#8220;.vc_custom_1478861141887{margin-bottom: 20px !important;}&#8220;]<strong>Auslandlieferungen<\/strong><br \/>\nWir liefern ausschliesslich in die Schweiz und Liechtenstein.<br \/>\nEs sind keine Auslandslieferungen m\u00f6glich.[\/vc_column_text][vc_column_text css=&#8220;.vc_custom_1445345158718{margin-bottom: 20px !important;}&#8220;]<strong>Kontaktadresse<\/strong><br \/>\nswiss sportsystem AG<br \/>\nD\u00e4ttlikonerstrasse 5<br \/>\nPostfach 8<br \/>\n8422 Pfungen<\/p>\n<p><a href=\"mailto:mail@swiss-sportsystem.ch\" target=\"_blank\" rel=\"noopener\">mail@swiss-sportsystem.ch<\/a>[\/vc_column_text][vc_empty_space height=&#8220;75px&#8220;][\/vc_column][\/vc_row]<\/p>\n","protected":false},"excerpt":{"rendered":"<p>[vc_row][vc_column][vc_empty_space height=&#8220;50px&#8220;][vc_empty_space height=&#8220;40px&#8220;][vc_column_text css=&#8220;.vc_custom_1478861086797{margin-bottom: 20px !important;}&#8220;]G\u00fcltigkeit Diese Allgemeinen Gesch\u00e4ftsbedingungen (AGB) gelten f\u00fcr alle Gesch\u00e4ftsbeziehungen zwischen der Firma swiss sportsystem AG und ihren Privatkunden. Sie k\u00f6nnen nur als Ganzes akzeptiert oder abgelehnt werden. F\u00fcr Gesch\u00e4ftskunden k\u00f6nnen\u00a0andere und\/oder zus\u00e4tzliche Bedingungen gem\u00e4ss individueller Offerte gelten. Wer etwas bei pickoff.ch kauft, akzeptiert\u00a0diese AGB\u00b4s ausdr\u00fccklich mit einem Klick auf den [&hellip;]<\/p>\n","protected":false},"author":1,"featured_media":0,"parent":0,"menu_order":0,"comment_status":"closed","ping_status":"closed","template":"","meta":{"footnotes":""},"_links":{"self":[{"href":"https:\/\/www.pickoff.ch\/hc-neftenbach\/wp-json\/wp\/v2\/pages\/991"}],"collection":[{"href":"https:\/\/www.pickoff.ch\/hc-neftenbach\/wp-json\/wp\/v2\/pages"}],"about":[{"href":"https:\/\/www.pickoff.ch\/hc-neftenbach\/wp-json\/wp\/v2\/types\/page"}],"author":[{"embeddable":true,"href":"https:\/\/www.pickoff.ch\/hc-neftenbach\/wp-json\/wp\/v2\/users\/1"}],"replies":[{"embeddable":true,"href":"https:\/\/www.pickoff.ch\/hc-neftenbach\/wp-json\/wp\/v2\/comments?post=991"}],"version-history":[{"count":0,"href":"https:\/\/www.pickoff.ch\/hc-neftenbach\/wp-json\/wp\/v2\/pages\/991\/revisions"}],"wp:attachment":[{"href":"https:\/\/www.pickoff.ch\/hc-neftenbach\/wp-json\/wp\/v2\/media?parent=991"}],"curies":[{"name":"wp","href":"https:\/\/api.w.org\/{rel}","templated":true}]}}