{"id":4352,"date":"2016-11-23T22:57:41","date_gmt":"2016-11-23T21:57:41","guid":{"rendered":"http:\/\/www.pickoff.ch\/hc-neftenbach\/?product=t-shirt-polyester-focus-2"},"modified":"2016-12-18T21:52:05","modified_gmt":"2016-12-18T20:52:05","slug":"t-shirt-polyester-focus-damen","status":"publish","type":"product","link":"https:\/\/www.pickoff.ch\/hc-neftenbach\/produkt\/t-shirt-polyester-focus-damen\/","title":{"rendered":"T-Shirt Polyester FOCUS"},"content":{"rendered":"<p>Sportiv, dynamisch und funktionell \u00fcberzeugt die gpard-Teamline FOCUS. Perfekte Verarbeitung aus hochwertigen Materialien, sowie athletische Schnittf\u00fchrung. Jacken und Hosen sind einzeln erh\u00e4ltlich.<\/p>\n","protected":false},"excerpt":{"rendered":"<p>Trageangenehmes und hochwertiges Funktionsmaterial. Spezielle Ausr\u00fcstung f\u00fcr direkten Feuchtigkeitstransport nach aussen. Formstabil und schnelltrocknend.<\/p>\n<p>Aktiv-Jacquard: 100% Polyester<\/p>\n","protected":false},"featured_media":4454,"comment_status":"open","ping_status":"closed","template":"","meta":[],"_links":{"self":[{"href":"https:\/\/www.pickoff.ch\/hc-neftenbach\/wp-json\/wp\/v2\/product\/4352"}],"collection":[{"href":"https:\/\/www.pickoff.ch\/hc-neftenbach\/wp-json\/wp\/v2\/product"}],"about":[{"href":"https:\/\/www.pickoff.ch\/hc-neftenbach\/wp-json\/wp\/v2\/types\/product"}],"replies":[{"embeddable":true,"href":"https:\/\/www.pickoff.ch\/hc-neftenbach\/wp-json\/wp\/v2\/comments?post=4352"}],"wp:featuredmedia":[{"embeddable":true,"href":"https:\/\/www.pickoff.ch\/hc-neftenbach\/wp-json\/wp\/v2\/media\/4454"}],"wp:attachment":[{"href":"https:\/\/www.pickoff.ch\/hc-neftenbach\/wp-json\/wp\/v2\/media?parent=4352"}],"curies":[{"name":"wp","href":"https:\/\/api.w.org\/{rel}","templated":true}]}}