{"id":4360,"date":"2016-11-23T23:07:01","date_gmt":"2016-11-23T22:07:01","guid":{"rendered":"http:\/\/www.pickoff.ch\/hc-neftenbach\/?product=t-shirt-cotton-mix-focus-3"},"modified":"2016-12-18T21:58:03","modified_gmt":"2016-12-18T20:58:03","slug":"t-shirt-cotton-mix-focus-kinder","status":"publish","type":"product","link":"https:\/\/www.pickoff.ch\/hc-neftenbach\/produkt\/t-shirt-cotton-mix-focus-kinder\/","title":{"rendered":"T-Shirt Cotton-Mix FOCUS"},"content":{"rendered":"<p>Sportiv, dynamisch und funktionell \u00fcberzeugt die gpard-Teamline FOCUS. Perfekte Verarbeitung aus hochwertigen Materialien, sowie athletische Schnittf\u00fchrung. Jacken und Hosen sind einzeln erh\u00e4ltlich.<\/p>\n","protected":false},"excerpt":{"rendered":"<p>Elastisches, weiches Baumwoll-Mischgewebe. Perfekte Passform durch Elasthan-Anteil. Formstabil und pflegeleicht. Ideal auch f\u00fcr Indoor-Sport geeignet.<\/p>\n<p>Cotton-Stretch-Jersey: 90% Baumwolle, 10% Elasthan<\/p>\n","protected":false},"featured_media":4457,"comment_status":"open","ping_status":"closed","template":"","meta":[],"_links":{"self":[{"href":"https:\/\/www.pickoff.ch\/hc-neftenbach\/wp-json\/wp\/v2\/product\/4360"}],"collection":[{"href":"https:\/\/www.pickoff.ch\/hc-neftenbach\/wp-json\/wp\/v2\/product"}],"about":[{"href":"https:\/\/www.pickoff.ch\/hc-neftenbach\/wp-json\/wp\/v2\/types\/product"}],"replies":[{"embeddable":true,"href":"https:\/\/www.pickoff.ch\/hc-neftenbach\/wp-json\/wp\/v2\/comments?post=4360"}],"wp:featuredmedia":[{"embeddable":true,"href":"https:\/\/www.pickoff.ch\/hc-neftenbach\/wp-json\/wp\/v2\/media\/4457"}],"wp:attachment":[{"href":"https:\/\/www.pickoff.ch\/hc-neftenbach\/wp-json\/wp\/v2\/media?parent=4360"}],"curies":[{"name":"wp","href":"https:\/\/api.w.org\/{rel}","templated":true}]}}