{"id":4362,"date":"2016-11-23T23:16:56","date_gmt":"2016-11-23T22:16:56","guid":{"rendered":"http:\/\/www.pickoff.ch\/hc-neftenbach\/?post_type=product&#038;p=4362"},"modified":"2016-12-18T22:00:46","modified_gmt":"2016-12-18T21:00:46","slug":"trainings-sweat-polyester-focus","status":"publish","type":"product","link":"https:\/\/www.pickoff.ch\/hc-neftenbach\/produkt\/trainings-sweat-polyester-focus\/","title":{"rendered":"Trainings-Sweat Polyester FOCUS"},"content":{"rendered":"<p>Sportiv, dynamisch und funktionell \u00fcberzeugt die gpard-Teamline FOCUS. Perfekte Verarbeitung aus hochwertigen Materialien, sowie athletische Schnittf\u00fchrung. Jacken und Hosen sind einzeln erh\u00e4ltlich.<\/p>\n","protected":false},"excerpt":{"rendered":"<p>Atmungsaktives, leichtes Funktionsmaterial. Schnelltrocknend und robust. <\/p>\n<p>Bonded-Polyester-Jersey: 100% Polyester<\/p>\n","protected":false},"featured_media":4460,"comment_status":"open","ping_status":"closed","template":"","meta":[],"_links":{"self":[{"href":"https:\/\/www.pickoff.ch\/hc-neftenbach\/wp-json\/wp\/v2\/product\/4362"}],"collection":[{"href":"https:\/\/www.pickoff.ch\/hc-neftenbach\/wp-json\/wp\/v2\/product"}],"about":[{"href":"https:\/\/www.pickoff.ch\/hc-neftenbach\/wp-json\/wp\/v2\/types\/product"}],"replies":[{"embeddable":true,"href":"https:\/\/www.pickoff.ch\/hc-neftenbach\/wp-json\/wp\/v2\/comments?post=4362"}],"wp:featuredmedia":[{"embeddable":true,"href":"https:\/\/www.pickoff.ch\/hc-neftenbach\/wp-json\/wp\/v2\/media\/4460"}],"wp:attachment":[{"href":"https:\/\/www.pickoff.ch\/hc-neftenbach\/wp-json\/wp\/v2\/media?parent=4362"}],"curies":[{"name":"wp","href":"https:\/\/api.w.org\/{rel}","templated":true}]}}