{"id":4370,"date":"2016-11-23T23:30:31","date_gmt":"2016-11-23T22:30:31","guid":{"rendered":"http:\/\/www.pickoff.ch\/hc-neftenbach\/?post_type=product&#038;p=4370"},"modified":"2016-12-23T09:17:26","modified_gmt":"2016-12-23T08:17:26","slug":"polo-sportivo","status":"publish","type":"product","link":"https:\/\/www.pickoff.ch\/hc-neftenbach\/produkt\/polo-sportivo\/","title":{"rendered":"Polo SPORTIVO"},"content":{"rendered":"<p>gpard-CASUAL ist h\u00f6chster Tragekomfort f\u00fcr ihren sportlichen Auftritt. Mit modischen Schnitten und in vielen attraktiven Farben. Die optimale Erg\u00e4nzung zur Teamline FORZA und FOCUS.<\/p>\n","protected":false},"excerpt":{"rendered":"<p>Hochwertiges sportliches Polo aus weichem Elastic-Single-Jersey. Modischer Karo-Einsatz in Kragensteg, Knopfleiste und Seitenschlitze. Seitentaschen mit Reissverschluss.<\/p>\n<p>95% Baumwolle, 5% Elasthan, 200g\/m2<\/p>\n","protected":false},"featured_media":4505,"comment_status":"open","ping_status":"closed","template":"","meta":[],"_links":{"self":[{"href":"https:\/\/www.pickoff.ch\/hc-neftenbach\/wp-json\/wp\/v2\/product\/4370"}],"collection":[{"href":"https:\/\/www.pickoff.ch\/hc-neftenbach\/wp-json\/wp\/v2\/product"}],"about":[{"href":"https:\/\/www.pickoff.ch\/hc-neftenbach\/wp-json\/wp\/v2\/types\/product"}],"replies":[{"embeddable":true,"href":"https:\/\/www.pickoff.ch\/hc-neftenbach\/wp-json\/wp\/v2\/comments?post=4370"}],"wp:featuredmedia":[{"embeddable":true,"href":"https:\/\/www.pickoff.ch\/hc-neftenbach\/wp-json\/wp\/v2\/media\/4505"}],"wp:attachment":[{"href":"https:\/\/www.pickoff.ch\/hc-neftenbach\/wp-json\/wp\/v2\/media?parent=4370"}],"curies":[{"name":"wp","href":"https:\/\/api.w.org\/{rel}","templated":true}]}}