{"id":4372,"date":"2016-11-23T23:31:28","date_gmt":"2016-11-23T22:31:28","guid":{"rendered":"http:\/\/www.pickoff.ch\/hc-neftenbach\/?product=polo-sportivo-2"},"modified":"2016-12-23T08:56:30","modified_gmt":"2016-12-23T07:56:30","slug":"polo-sportivo-damen","status":"publish","type":"product","link":"https:\/\/www.pickoff.ch\/hc-neftenbach\/produkt\/polo-sportivo-damen\/","title":{"rendered":"Polo SPORTIVO"},"content":{"rendered":"<p>gpard-CASUAL ist h\u00f6chster Tragekomfort f\u00fcr ihren sportlichen Auftritt. Mit modischen Schnitten und in vielen attraktiven Farben. Die optimale Erg\u00e4nzung zur Teamline FORZA und FOCUS.<\/p>\n","protected":false},"excerpt":{"rendered":"<p>Hochwertiges sportliches Polo aus weichem Elastic-Single-Jersey. Modischer Karo-Einsatz in Kragensteg, Knopfleiste und Seitenschlitze. Seitentaschen mit Reissverschluss.<\/p>\n<p>95% Baumwolle, 5% Elasthan, 200g\/m2<\/p>\n","protected":false},"featured_media":4499,"comment_status":"open","ping_status":"closed","template":"","meta":[],"_links":{"self":[{"href":"https:\/\/www.pickoff.ch\/hc-neftenbach\/wp-json\/wp\/v2\/product\/4372"}],"collection":[{"href":"https:\/\/www.pickoff.ch\/hc-neftenbach\/wp-json\/wp\/v2\/product"}],"about":[{"href":"https:\/\/www.pickoff.ch\/hc-neftenbach\/wp-json\/wp\/v2\/types\/product"}],"replies":[{"embeddable":true,"href":"https:\/\/www.pickoff.ch\/hc-neftenbach\/wp-json\/wp\/v2\/comments?post=4372"}],"wp:featuredmedia":[{"embeddable":true,"href":"https:\/\/www.pickoff.ch\/hc-neftenbach\/wp-json\/wp\/v2\/media\/4499"}],"wp:attachment":[{"href":"https:\/\/www.pickoff.ch\/hc-neftenbach\/wp-json\/wp\/v2\/media?parent=4372"}],"curies":[{"name":"wp","href":"https:\/\/api.w.org\/{rel}","templated":true}]}}