{"id":4382,"date":"2016-11-23T23:44:02","date_gmt":"2016-11-23T22:44:02","guid":{"rendered":"http:\/\/www.pickoff.ch\/hc-neftenbach\/?product=pr-shirt-2"},"modified":"2017-08-15T09:20:20","modified_gmt":"2017-08-15T07:20:20","slug":"pr-shirt-kinder","status":"publish","type":"product","link":"https:\/\/www.pickoff.ch\/hc-neftenbach\/produkt\/pr-shirt-kinder\/","title":{"rendered":"PR-Shirt"},"content":{"rendered":"<p>gpard-CASUAL ist h\u00f6chster Tragekomfort f\u00fcr ihren sportlichen Auftritt. Mit modischen Schnitten und in vielen attraktiven Farben. Die optimale Erg\u00e4nzung zur Teamline FORZA und FOCUS.<\/p>\n","protected":false},"excerpt":{"rendered":"<p>Komfort-T-Shirt aus Single-Jersey. Unisexschnitt.<\/p>\n<p>100% Baumwolle, ringgesponnen 150g\/m2<\/p>\n<p>*Vereinslogo und Kennzeichnungs-Nr. sind optional.<\/p>\n","protected":false},"featured_media":4496,"comment_status":"open","ping_status":"closed","template":"","meta":[],"_links":{"self":[{"href":"https:\/\/www.pickoff.ch\/hc-neftenbach\/wp-json\/wp\/v2\/product\/4382"}],"collection":[{"href":"https:\/\/www.pickoff.ch\/hc-neftenbach\/wp-json\/wp\/v2\/product"}],"about":[{"href":"https:\/\/www.pickoff.ch\/hc-neftenbach\/wp-json\/wp\/v2\/types\/product"}],"replies":[{"embeddable":true,"href":"https:\/\/www.pickoff.ch\/hc-neftenbach\/wp-json\/wp\/v2\/comments?post=4382"}],"wp:featuredmedia":[{"embeddable":true,"href":"https:\/\/www.pickoff.ch\/hc-neftenbach\/wp-json\/wp\/v2\/media\/4496"}],"wp:attachment":[{"href":"https:\/\/www.pickoff.ch\/hc-neftenbach\/wp-json\/wp\/v2\/media?parent=4382"}],"curies":[{"name":"wp","href":"https:\/\/api.w.org\/{rel}","templated":true}]}}