{"id":4388,"date":"2016-11-23T23:50:32","date_gmt":"2016-11-23T22:50:32","guid":{"rendered":"http:\/\/www.pickoff.ch\/hc-neftenbach\/?product=trikot-calcio-2"},"modified":"2016-12-18T22:32:41","modified_gmt":"2016-12-18T21:32:41","slug":"trikot-calcio-kinder","status":"publish","type":"product","link":"https:\/\/www.pickoff.ch\/hc-neftenbach\/produkt\/trikot-calcio-kinder\/","title":{"rendered":"Trikot CALCIO"},"content":{"rendered":"<p>gpard legt Wert auf Nachhaltigkeit. Wo immer m\u00f6glich f\u00f6rdern wir Produktionsst\u00e4tten in Europa. Trikots, Shorts und Stutzen sind beste deutsche Qualit\u00e4tsprodukte und erf\u00fcllen h\u00f6chste Anspr\u00fcche.<\/p>\n","protected":false},"excerpt":{"rendered":"<p>Leichtes elastisches Funktionsmaterial. Angenehmer und hautfreundlicher Tragekomfort. Besonders leicht, elastisch und schnelltrocknend.<br \/>\nAuch in Kindergr\u00f6ssen erh\u00e4ltlich.<\/p>\n<p>100% Polyester Interlock<\/p>\n","protected":false},"featured_media":4450,"comment_status":"open","ping_status":"closed","template":"","meta":[],"_links":{"self":[{"href":"https:\/\/www.pickoff.ch\/hc-neftenbach\/wp-json\/wp\/v2\/product\/4388"}],"collection":[{"href":"https:\/\/www.pickoff.ch\/hc-neftenbach\/wp-json\/wp\/v2\/product"}],"about":[{"href":"https:\/\/www.pickoff.ch\/hc-neftenbach\/wp-json\/wp\/v2\/types\/product"}],"replies":[{"embeddable":true,"href":"https:\/\/www.pickoff.ch\/hc-neftenbach\/wp-json\/wp\/v2\/comments?post=4388"}],"wp:featuredmedia":[{"embeddable":true,"href":"https:\/\/www.pickoff.ch\/hc-neftenbach\/wp-json\/wp\/v2\/media\/4450"}],"wp:attachment":[{"href":"https:\/\/www.pickoff.ch\/hc-neftenbach\/wp-json\/wp\/v2\/media?parent=4388"}],"curies":[{"name":"wp","href":"https:\/\/api.w.org\/{rel}","templated":true}]}}