{"id":4813,"date":"2017-08-10T16:16:02","date_gmt":"2017-08-10T14:16:02","guid":{"rendered":"https:\/\/www.pickoff.ch\/uhcwyland\/?post_type=product&#038;p=4813"},"modified":"2017-08-10T16:38:20","modified_gmt":"2017-08-10T14:38:20","slug":"kapuzen-jacke-focus-damen","status":"publish","type":"product","link":"https:\/\/www.pickoff.ch\/uhcwyland\/produkt\/kapuzen-jacke-focus-damen\/","title":{"rendered":"Kapuzen-Jacke FOCUS"},"content":{"rendered":"<p>Sportiv, dynamisch und funktionell \u00fcberzeugt die gpard-Teamline FOCUS. Perfekte Verarbeitung aus hochwertigen Materialien, sowie athletische Schnittf\u00fchrung. Jacken und Hosen sind einzeln erh\u00e4ltlich.<\/p>\n","protected":false},"excerpt":{"rendered":"<p>Sportive Kapuzenjacke aus Funktionsmaterial. Weiches, w\u00e4rmendes Micro-Fleece auf der Innenseite. Robust und pflegeleicht. Ideal f\u00fcr Sport und Freizeit.<\/p>\n<p>Bonded-Polyester-Jersey: 100% Polyester<\/p>\n<p>inkl. Club-Logo vorne und R\u00fcckendruck Variante A oder B<\/p>\n","protected":false},"featured_media":4741,"comment_status":"open","ping_status":"closed","template":"","meta":[],"_links":{"self":[{"href":"https:\/\/www.pickoff.ch\/uhcwyland\/wp-json\/wp\/v2\/product\/4813"}],"collection":[{"href":"https:\/\/www.pickoff.ch\/uhcwyland\/wp-json\/wp\/v2\/product"}],"about":[{"href":"https:\/\/www.pickoff.ch\/uhcwyland\/wp-json\/wp\/v2\/types\/product"}],"replies":[{"embeddable":true,"href":"https:\/\/www.pickoff.ch\/uhcwyland\/wp-json\/wp\/v2\/comments?post=4813"}],"wp:featuredmedia":[{"embeddable":true,"href":"https:\/\/www.pickoff.ch\/uhcwyland\/wp-json\/wp\/v2\/media\/4741"}],"wp:attachment":[{"href":"https:\/\/www.pickoff.ch\/uhcwyland\/wp-json\/wp\/v2\/media?parent=4813"}],"curies":[{"name":"wp","href":"https:\/\/api.w.org\/{rel}","templated":true}]}}