{"id":4882,"date":"2017-08-11T16:29:29","date_gmt":"2017-08-11T14:29:29","guid":{"rendered":"https:\/\/www.pickoff.ch\/uhcwyland\/?post_type=product&#038;p=4882"},"modified":"2017-08-14T16:06:38","modified_gmt":"2017-08-14T14:06:38","slug":"shirt-ka-kinder","status":"publish","type":"product","link":"https:\/\/www.pickoff.ch\/uhcwyland\/produkt\/shirt-ka-kinder\/","title":{"rendered":"Shirt KA"},"content":{"rendered":"<p>gpard-Skinwear steht f\u00fcr kompromisslose Funktionalit\u00e4t bei h\u00f6chstem Tragekomfort. Mit perfekter Passform, die jede Bewegung unterst\u00fctzt. gpard Skinwear vermittelt ein einzigartiges Hautgef\u00fchl dank einer bacteriostatischen Faser mit Silbereinlagerung. Sie h\u00e4lt die Haut im Gleichgewicht, wirkt temperaturregulierend und permanent geruchshemmend.<\/p>\n","protected":false},"excerpt":{"rendered":"<p>K\u00f6rperbetontes Shirt vermittelt ein einzigartiges Hautgef\u00fchl dank einer bacteriostatischen Faser mit Silbereinlagerung. Sie h\u00e4lt die Haut im Gleichgewicht, wirkt temperaturregulierend und permanent geruchshemmend.<\/p>\n<p>100% Polyamid (100 Meryl Skinlife)<\/p>\n","protected":false},"featured_media":4781,"comment_status":"open","ping_status":"closed","template":"","meta":[],"_links":{"self":[{"href":"https:\/\/www.pickoff.ch\/uhcwyland\/wp-json\/wp\/v2\/product\/4882"}],"collection":[{"href":"https:\/\/www.pickoff.ch\/uhcwyland\/wp-json\/wp\/v2\/product"}],"about":[{"href":"https:\/\/www.pickoff.ch\/uhcwyland\/wp-json\/wp\/v2\/types\/product"}],"replies":[{"embeddable":true,"href":"https:\/\/www.pickoff.ch\/uhcwyland\/wp-json\/wp\/v2\/comments?post=4882"}],"wp:featuredmedia":[{"embeddable":true,"href":"https:\/\/www.pickoff.ch\/uhcwyland\/wp-json\/wp\/v2\/media\/4781"}],"wp:attachment":[{"href":"https:\/\/www.pickoff.ch\/uhcwyland\/wp-json\/wp\/v2\/media?parent=4882"}],"curies":[{"name":"wp","href":"https:\/\/api.w.org\/{rel}","templated":true}]}}